{"id":906,"date":"2025-09-04T09:02:58","date_gmt":"2025-09-04T14:02:58","guid":{"rendered":"https:\/\/siembratic.org\/?page_id=906"},"modified":"2025-12-30T10:14:37","modified_gmt":"2025-12-30T15:14:37","slug":"amigo-digital","status":"publish","type":"page","link":"https:\/\/siembratic.org\/en\/programas\/amigo-digital\/","title":{"rendered":"Digital Buddy"},"content":{"rendered":"<div data-elementor-type=\"wp-post\" data-elementor-id=\"906\" class=\"elementor elementor-906\" data-elementor-post-type=\"page\">\n\t\t\t\t<div class=\"elementor-element elementor-element-263071e6 e-flex e-con-boxed e-con e-parent\" data-id=\"263071e6\" data-element_type=\"container\" data-settings=\"{&quot;background_background&quot;:&quot;classic&quot;}\">\n\t\t\t\t\t<div class=\"e-con-inner\">\n\t\t<div class=\"elementor-element elementor-element-5c15fffb e-con-full e-flex e-con e-child\" data-id=\"5c15fffb\" data-element_type=\"container\" data-settings=\"{&quot;background_background&quot;:&quot;classic&quot;}\">\n\t\t\t\t<div class=\"elementor-element elementor-element-5d946e3 elementor-widget elementor-widget-image\" data-id=\"5d946e3\" data-element_type=\"widget\" data-widget_type=\"image.default\">\n\t\t\t\t\t\t\t\t\t\t\t\t\t\t\t<img fetchpriority=\"high\" decoding=\"async\" width=\"846\" height=\"781\" src=\"https:\/\/siembratic.org\/\/wp-content\/uploads\/2025\/09\/Nino-superheroe.webp\" class=\"attachment-full size-full wp-image-1119\" alt=\"\" srcset=\"https:\/\/siembratic.org\/\/wp-content\/uploads\/2025\/09\/Nino-superheroe.webp 846w, https:\/\/siembratic.org\/\/wp-content\/uploads\/2025\/09\/Nino-superheroe-300x277.webp 300w, https:\/\/siembratic.org\/\/wp-content\/uploads\/2025\/09\/Nino-superheroe-768x709.webp 768w\" sizes=\"(max-width: 846px) 100vw, 846px\" \/>\t\t\t\t\t\t\t\t\t\t\t\t\t\t\t<\/div>\n\t\t\t\t<\/div>\n\t\t<div class=\"elementor-element elementor-element-5f859cd3 e-con-full e-flex e-con e-child\" data-id=\"5f859cd3\" data-element_type=\"container\">\n\t\t\t\t<div class=\"elementor-element elementor-element-42823530 elementor-widget elementor-widget-heading\" data-id=\"42823530\" data-element_type=\"widget\" data-widget_type=\"heading.default\">\n\t\t\t\t\t<h2 class=\"elementor-heading-title elementor-size-default\">Digital Buddy<\/h2>\t\t\t\t<\/div>\n\t\t\t\t<div class=\"elementor-element elementor-element-00a5da0 elementor-widget elementor-widget-text-editor\" data-id=\"00a5da0\" data-element_type=\"widget\" data-widget_type=\"text-editor.default\">\n\t\t\t\t\t\t\t\t\t<p>Every child deserves the opportunity to learn and dream big, no matter where they live. With <strong>Digital Buddy<\/strong> You can make it possible: Your annual contribution of USD 1,000 provides 12 months of high-speed internet, educational resources, technical assistance, and digital training.<\/p>\t\t\t\t\t\t\t\t<\/div>\n\t\t\t\t<div class=\"elementor-element elementor-element-e8ab5b8 elementor-widget elementor-widget-text-editor\" data-id=\"e8ab5b8\" data-element_type=\"widget\" data-widget_type=\"text-editor.default\">\n\t\t\t\t\t\t\t\t\t<p>More than just donating, it&#039;s about sowing equality, opening paths to knowledge, and giving a child the tools to reach their full potential. Be the bridge that transforms their future.<\/p>\t\t\t\t\t\t\t\t<\/div>\n\t\t\t\t<div class=\"elementor-element elementor-element-024e77e elementor-widget elementor-widget-heading\" data-id=\"024e77e\" data-element_type=\"widget\" data-widget_type=\"heading.default\">\n\t\t\t\t\t<h3 class=\"elementor-heading-title elementor-size-default\">Donate an hour of your work. Multiply a future by 4.<\/h3>\t\t\t\t<\/div>\n\t\t\t\t<div class=\"elementor-element elementor-element-1fd53e25 elementor-align-justify elementor-mobile-align-left elementor-widget elementor-widget-button\" data-id=\"1fd53e25\" data-element_type=\"widget\" data-widget_type=\"button.default\">\n\t\t\t\t\t\t\t\t\t\t<a class=\"elementor-button elementor-button-link elementor-size-sm elementor-animation-grow\" href=\"https:\/\/siembratic.combopay.co\/\">\n\t\t\t\t\t\t<span class=\"elementor-button-content-wrapper\">\n\t\t\t\t\t\t\t\t\t<span class=\"elementor-button-text\">Donate now<\/span>\n\t\t\t\t\t<\/span>\n\t\t\t\t\t<\/a>\n\t\t\t\t\t\t\t\t<\/div>\n\t\t\t\t<\/div>\n\t\t\t\t\t<\/div>\n\t\t\t\t<\/div>\n\t\t<div class=\"elementor-element elementor-element-d86370f e-flex e-con-boxed e-con e-parent\" data-id=\"d86370f\" data-element_type=\"container\">\n\t\t\t\t\t<div class=\"e-con-inner\">\n\t\t\t\t<div class=\"elementor-element elementor-element-f5fd33c elementor-widget elementor-widget-shortcode\" data-id=\"f5fd33c\" data-element_type=\"widget\" data-widget_type=\"shortcode.default\">\n\t\t\t\t\t\t\t<div class=\"elementor-shortcode\">\t\t<div data-elementor-type=\"section\" data-elementor-id=\"1335\" class=\"elementor elementor-1335\" data-elementor-post-type=\"elementor_library\">\n\t\t\t<div class=\"elementor-element elementor-element-667a4d2 e-con-full e-flex e-con e-parent\" data-id=\"667a4d2\" data-element_type=\"container\" data-settings=\"{&quot;position&quot;:&quot;fixed&quot;}\">\n\t\t<div class=\"elementor-element elementor-element-d7dac57 e-con-full e-flex e-con e-child\" data-id=\"d7dac57\" data-element_type=\"container\">\n\t\t\t\t<div class=\"elementor-element elementor-element-335d31a e-transform elementor-widget elementor-widget-image\" data-id=\"335d31a\" data-element_type=\"widget\" data-settings=\"{&quot;_transform_scale_effect_hover&quot;:{&quot;unit&quot;:&quot;px&quot;,&quot;size&quot;:1.100000000000000088817841970012523233890533447265625,&quot;sizes&quot;:[]},&quot;_transform_scale_effect_hover_tablet&quot;:{&quot;unit&quot;:&quot;px&quot;,&quot;size&quot;:&quot;&quot;,&quot;sizes&quot;:[]},&quot;_transform_scale_effect_hover_mobile&quot;:{&quot;unit&quot;:&quot;px&quot;,&quot;size&quot;:&quot;&quot;,&quot;sizes&quot;:[]}}\" data-widget_type=\"image.default\">\n\t\t\t\t\t\t\t\t\t\t\t\t\t\t\t\t<a href=\"https:\/\/wa.link\/wsawuw\" target=\"_blank\">\n\t\t\t\t\t\t\t<img decoding=\"async\" src=\"https:\/\/siembratic.org\/\/wp-content\/uploads\/elementor\/thumbs\/whatsapp_icon-icons.com_65542-rbnnypjjtqxtoege579sbn1dsev0h6d4z0e5wlh7e4.png\" title=\"whatsapp_icon-icons.com_65542.png\" alt=\"whatsapp_icon-icons.com_65542.png\" loading=\"lazy\" \/>\t\t\t\t\t\t\t\t<\/a>\n\t\t\t\t\t\t\t\t\t\t\t\t\t\t\t<\/div>\n\t\t\t\t<div class=\"elementor-element elementor-element-c2ad181 elementor-view-stacked elementor-shape-circle elementor-widget elementor-widget-icon\" data-id=\"c2ad181\" data-element_type=\"widget\" data-widget_type=\"icon.default\">\n\t\t\t\t\t\t\t<div class=\"elementor-icon-wrapper\">\n\t\t\t<a class=\"elementor-icon elementor-animation-grow\" href=\"https:\/\/siembratic.combopay.co\/\" target=\"_blank\">\n\t\t\t<svg xmlns=\"http:\/\/www.w3.org\/2000\/svg\" xmlns:xlink=\"http:\/\/www.w3.org\/1999\/xlink\" id=\"Capa_2\" viewbox=\"0 0 354.48 500\"><defs><style>.cls-1{fill:url(#linear-gradient-2);}.cls-2{fill:#fff;}.cls-3{fill:url(#linear-gradient);}<\/style><lineargradient id=\"linear-gradient\" x1=\"101.98\" y1=\"377.98\" x2=\"345.57\" y2=\"377.98\" gradientunits=\"userSpaceOnUse\"><stop offset=\"0\" stop-color=\"#fabf23\"><\/stop><stop offset=\"1\" stop-color=\"#f19019\"><\/stop><\/lineargradient><lineargradient id=\"linear-gradient-2\" x1=\"150.71\" y1=\"378.27\" x2=\"291.9\" y2=\"378.27\" xlink:href=\"#linear-gradient\"><\/lineargradient><\/defs><g id=\"Capa_1-2\"><path d=\"M237.34,111.73c-3.39-8.28-9.31-13.66-15.89-18.54-13.87-10.3-29.38-14.51-46.52-12.76-6.14.63-11.69,3.06-16.3,7.05-4.12,3.57-3.92,7.07,1.66,9.25.55.22,1.14.54,1.7.52,23.44-.53,40.55,14.49,59.76,24.33,8.28,4.24,13.13,2.7,15.27-5.02.46-1.66.24-3.51.32-4.83Z\"><\/path><path class=\"cls-3\" d=\"M223.12,255.96c-70.19,0-121.14,51.32-121.14,122.03s49.99,122.01,121.58,122.01c36.14,0,67.05-12.41,89.41-35.88,21.03-22.11,32.6-52.68,32.6-86.13,0-70.71-51.49-122.03-122.45-122.03ZM223.57,480.29c-59.98,0-101.85-42.08-101.85-102.29s41.7-102.29,101.4-102.29,102.74,43.02,102.74,102.29-42.08,102.29-102.29,102.29Z\"><\/path><path d=\"M166.41,128.69c-17.06,3.4-36.54,22.53-38.26,37.58-1.09,9.55,4.49,14.24,13.42,11.25,3.97-1.33,7.94-2.65,11.87-4.08,6.06-2.21,12.14-2.39,16.53,2.72,4.7,5.45,4.87,12.21,1.71,18.57-1.85,3.71-4.51,7.09-7.21,10.27-4.81,5.67-2.58,9,3.21,11.65,3.43,1.57,7.05,2.22,10.51,1.09,17.59-5.77,31.21-15.91,37.36-34.32,1.84-5.52.71-10.18-2.95-14.04-4.17-4.41-7.61.56-11.21,1.82-3.08,1.08-5.79,3.19-8.88,4.24-6.8,2.32-13.32,1.5-17.99-4.33-4.19-5.23-3.16-11.1-.14-16.71,1.71-3.16,3.33-6.37,5.12-9.49,2.47-4.29,2.85-8.97.01-12.75-3.12-4.16-8.14-4.52-13.11-3.47Z\"><\/path><path d=\"M52,207.51c-18.8-33.01-13.5-64.76,5.18-96-39.6,2.98-67.12,35.8-53.78,71.58,6.21,16.64,19.92,22.16,35.43,24.96,3.56.64,7.62,1.83,13.17-.55Z\"><\/path><path d=\"M79.4,189.36c3.55,15.01,8.31,29.65,23.03,38.51,3.89,2.34,7.57,3.51,11.64.66,4.31-3.02,3.88-7.16,2.42-11.3-4.58-12.97-11.13-25.13-15.49-38.24-2.67-8.02-1.9-15.95-2.02-23.94-.05-3.54.08-6.92-3.54-8.31-4.14-1.59-6.53,1.41-8.84,4.4-8.81,11.41-8.49,24.49-7.19,38.21Z\"><\/path><path class=\"cls-1\" d=\"M291.9,377.99c0,30.93-16.5,63.95-52.31,71.53-2.7.8-5.49,1.41-8.35,1.85-37.83,5.8-73.48-21.99-79.62-62.07-5.61-36.68,15.46-70.94,48.08-80.94.07,0,.12-.02.16-.05,7.09-2.51,15-3.92,23.7-3.92,42.78,0,68.34,37.43,68.34,73.59Z\"><\/path><path class=\"cls-2\" d=\"M204.99,412.92c5.76,1.12,10.85,1.27,15.28.44,4.45-.72,8.25-2.34,11.39-4.85,2.56-2.04,4.13-4.5,4.7-7.39.51-2.84-.15-5.39-1.97-7.67-1.93-2.41-4.16-3.77-6.71-4.06-2.7-.05-7.04,1.24-13.03,3.86-9.48,4.06-17.06,5.75-22.74,5.08-5.67-.73-10.73-3.88-15.16-9.44-5.51-6.91-7.79-14.19-6.83-21.85,1.04-7.84,5.05-15.14,12.04-21.9l-5.75-7.2,6.68-5.33,5.66,7.1c3.63-2.33,7.17-3.98,10.61-4.98,3.6-1.23,7.65-2.03,12.16-2.41l5.2,20.02c-4.04-.17-7.59.23-10.65,1.21-3.29.98-6.16,2.45-8.61,4.4-2.52,2.01-4.05,4.17-4.59,6.47-.68,2.35-.24,4.49,1.31,6.42,1.52,1.9,3.4,2.88,5.66,2.95,2.19.06,5.71-.96,10.53-3.06-.03.03.24-.08.84-.33,10.26-4.51,17.85-6.44,22.77-5.79,3.29.37,6.45,1.49,9.48,3.38,3.03,1.88,5.78,4.38,8.26,7.49,5.76,7.22,8.37,14.92,7.82,23.1-.63,8.14-4.29,15.52-10.99,22.16l10.05,12.59-6.68,5.33-9.88-12.38c-5.06,3.87-10.29,6.51-15.7,7.95-5.52,1.51-11.65,1.97-18.41,1.37l-2.73-22.67Z\"><\/path><path d=\"M214.01,294.65c-1.19,5.82-3.04,11.53-2.79,17.6,1.44,35.1,29.05,54.85,63.4,45,36.21-10.38,57.2-36.79,67.68-70.73,18.55-60.09,16.3-120.21-9.27-178.07-14.9-33.72-42.38-54.84-77.18-66.29-4.64-1.53-7.54-3.15-9.03-8.32C238.95,6.66,217.19-1.32,198.27.17c-22.49,1.77-46.15,21.77-50.36,42.52-1.07,5.3,1.88,5.07,5.49,4.95,19.2-.64,38.23.3,57.12,4.52,46.08,10.3,73.99,48.03,70.41,95.11-3.56,46.75-28.93,85.42-34.91,93.63-3.71,5.09-16.3,21.59-28.56,46.49-1.49,3.03-2.67,5.56-3.45,7.25Z\"><\/path><\/g><\/svg>\t\t\t<\/a>\n\t\t<\/div>\n\t\t\t\t\t\t<\/div>\n\t\t\t\t<\/div>\n\t\t\t\t<div class=\"elementor-element elementor-element-b058f03 elementor-widget elementor-widget-button\" data-id=\"b058f03\" data-element_type=\"widget\" data-widget_type=\"button.default\">\n\t\t\t\t\t\t\t\t\t\t<a class=\"elementor-button elementor-button-link elementor-size-sm\" href=\"https:\/\/siembratic.combopay.co\/\">\n\t\t\t\t\t\t<span class=\"elementor-button-content-wrapper\">\n\t\t\t\t\t\t\t\t\t<span class=\"elementor-button-text\">Donate here<\/span>\n\t\t\t\t\t<\/span>\n\t\t\t\t\t<\/a>\n\t\t\t\t\t\t\t\t<\/div>\n\t\t\t\t<\/div>\n\t\t\t\t<\/div>\n\t\t<\/div>\n\t\t\t\t\t\t<\/div>\n\t\t\t\t<div class=\"elementor-element elementor-element-c20c45d elementor-widget elementor-widget-shortcode\" data-id=\"c20c45d\" data-element_type=\"widget\" data-widget_type=\"shortcode.default\">\n\t\t\t\t\t\t\t<div class=\"elementor-shortcode\">\t\t<div data-elementor-type=\"container\" data-elementor-id=\"1582\" class=\"elementor elementor-1582\" data-elementor-post-type=\"elementor_library\">\n\t\t\t\t<div class=\"elementor-element elementor-element-1515dd50 e-con-full elementor-hidden-tablet elementor-hidden-mobile e-flex e-con e-parent\" data-id=\"1515dd50\" data-element_type=\"container\" data-settings=\"{&quot;position&quot;:&quot;fixed&quot;}\">\n\t\t\t\t<div class=\"elementor-element elementor-element-583d4ca4 elementor-grid-1 elementor-shape-rounded elementor-widget elementor-widget-social-icons\" data-id=\"583d4ca4\" data-element_type=\"widget\" data-widget_type=\"social-icons.default\">\n\t\t\t\t\t\t\t<div class=\"elementor-social-icons-wrapper elementor-grid\" role=\"list\">\n\t\t\t\t\t\t\t<span class=\"elementor-grid-item\" role=\"listitem\">\n\t\t\t\t\t<a class=\"elementor-icon elementor-social-icon elementor-social-icon-linkedin elementor-animation-grow elementor-repeater-item-4e4eebb\" href=\"https:\/\/www.linkedin.com\/company\/75486098\/admin\/page-posts\/published\/\" target=\"_blank\">\n\t\t\t\t\t\t<span class=\"elementor-screen-only\">Linkedin<\/span>\n\t\t\t\t\t\t<svg aria-hidden=\"true\" class=\"e-font-icon-svg e-fab-linkedin\" viewbox=\"0 0 448 512\" xmlns=\"http:\/\/www.w3.org\/2000\/svg\"><path d=\"M416 32H31.9C14.3 32 0 46.5 0 64.3v383.4C0 465.5 14.3 480 31.9 480H416c17.6 0 32-14.5 32-32.3V64.3c0-17.8-14.4-32.3-32-32.3zM135.4 416H69V202.2h66.5V416zm-33.2-243c-21.3 0-38.5-17.3-38.5-38.5S80.9 96 102.2 96c21.2 0 38.5 17.3 38.5 38.5 0 21.3-17.2 38.5-38.5 38.5zm282.1 243h-66.4V312c0-24.8-.5-56.7-34.5-56.7-34.6 0-39.9 27-39.9 54.9V416h-66.4V202.2h63.7v29.2h.9c8.9-16.8 30.6-34.5 62.9-34.5 67.2 0 79.7 44.3 79.7 101.9V416z\"><\/path><\/svg>\t\t\t\t\t<\/a>\n\t\t\t\t<\/span>\n\t\t\t\t\t\t\t<span class=\"elementor-grid-item\" role=\"listitem\">\n\t\t\t\t\t<a class=\"elementor-icon elementor-social-icon elementor-social-icon-facebook elementor-animation-grow elementor-repeater-item-b0feb39\" href=\"https:\/\/www.facebook.com\/profile.php?id=61572628780762\" target=\"_blank\">\n\t\t\t\t\t\t<span class=\"elementor-screen-only\">Facebook<\/span>\n\t\t\t\t\t\t<svg aria-hidden=\"true\" class=\"e-font-icon-svg e-fab-facebook\" viewbox=\"0 0 512 512\" xmlns=\"http:\/\/www.w3.org\/2000\/svg\"><path d=\"M504 256C504 119 393 8 256 8S8 119 8 256c0 123.78 90.69 226.38 209.25 245V327.69h-63V256h63v-54.64c0-62.15 37-96.48 93.67-96.48 27.14 0 55.52 4.84 55.52 4.84v61h-31.28c-30.8 0-40.41 19.12-40.41 38.73V256h68.78l-11 71.69h-57.78V501C413.31 482.38 504 379.78 504 256z\"><\/path><\/svg>\t\t\t\t\t<\/a>\n\t\t\t\t<\/span>\n\t\t\t\t\t\t\t<span class=\"elementor-grid-item\" role=\"listitem\">\n\t\t\t\t\t<a class=\"elementor-icon elementor-social-icon elementor-social-icon-instagram elementor-animation-grow elementor-repeater-item-41b5e0f\" href=\"https:\/\/www.instagram.com\/siembra_tic\/\" target=\"_blank\">\n\t\t\t\t\t\t<span class=\"elementor-screen-only\">Instagram<\/span>\n\t\t\t\t\t\t<svg aria-hidden=\"true\" class=\"e-font-icon-svg e-fab-instagram\" viewbox=\"0 0 448 512\" xmlns=\"http:\/\/www.w3.org\/2000\/svg\"><path d=\"M224.1 141c-63.6 0-114.9 51.3-114.9 114.9s51.3 114.9 114.9 114.9S339 319.5 339 255.9 287.7 141 224.1 141zm0 189.6c-41.1 0-74.7-33.5-74.7-74.7s33.5-74.7 74.7-74.7 74.7 33.5 74.7 74.7-33.6 74.7-74.7 74.7zm146.4-194.3c0 14.9-12 26.8-26.8 26.8-14.9 0-26.8-12-26.8-26.8s12-26.8 26.8-26.8 26.8 12 26.8 26.8zm76.1 27.2c-1.7-35.9-9.9-67.7-36.2-93.9-26.2-26.2-58-34.4-93.9-36.2-37-2.1-147.9-2.1-184.9 0-35.8 1.7-67.6 9.9-93.9 36.1s-34.4 58-36.2 93.9c-2.1 37-2.1 147.9 0 184.9 1.7 35.9 9.9 67.7 36.2 93.9s58 34.4 93.9 36.2c37 2.1 147.9 2.1 184.9 0 35.9-1.7 67.7-9.9 93.9-36.2 26.2-26.2 34.4-58 36.2-93.9 2.1-37 2.1-147.8 0-184.8zM398.8 388c-7.8 19.6-22.9 34.7-42.6 42.6-29.5 11.7-99.5 9-132.1 9s-102.7 2.6-132.1-9c-19.6-7.8-34.7-22.9-42.6-42.6-11.7-29.5-9-99.5-9-132.1s-2.6-102.7 9-132.1c7.8-19.6 22.9-34.7 42.6-42.6 29.5-11.7 99.5-9 132.1-9s102.7-2.6 132.1 9c19.6 7.8 34.7 22.9 42.6 42.6 11.7 29.5 9 99.5 9 132.1s2.7 102.7-9 132.1z\"><\/path><\/svg>\t\t\t\t\t<\/a>\n\t\t\t\t<\/span>\n\t\t\t\t\t\t\t<span class=\"elementor-grid-item\" role=\"listitem\">\n\t\t\t\t\t<a class=\"elementor-icon elementor-social-icon elementor-social-icon- elementor-animation-grow elementor-repeater-item-33b2523\" href=\"https:\/\/www.tiktok.com\/@siembratic?is_from_webapp=1&#038;sender_device=pc\" target=\"_blank\">\n\t\t\t\t\t\t<span class=\"elementor-screen-only\"><\/span>\n\t\t\t\t\t\t<svg xmlns=\"http:\/\/www.w3.org\/2000\/svg\" width=\"32\" height=\"32\" viewbox=\"0 0 32 32\"><path d=\"M16.708 0.027c1.745-0.027 3.48-0.011 5.213-0.027 0.105 2.041 0.839 4.12 2.333 5.563 1.491 1.479 3.6 2.156 5.652 2.385v5.369c-1.923-0.063-3.855-0.463-5.6-1.291-0.76-0.344-1.468-0.787-2.161-1.24-0.009 3.896 0.016 7.787-0.025 11.667-0.104 1.864-0.719 3.719-1.803 5.255-1.744 2.557-4.771 4.224-7.88 4.276-1.907 0.109-3.812-0.411-5.437-1.369-2.693-1.588-4.588-4.495-4.864-7.615-0.032-0.667-0.043-1.333-0.016-1.984 0.24-2.537 1.495-4.964 3.443-6.615 2.208-1.923 5.301-2.839 8.197-2.297 0.027 1.975-0.052 3.948-0.052 5.923-1.323-0.428-2.869-0.308-4.025 0.495-0.844 0.547-1.485 1.385-1.819 2.333-0.276 0.676-0.197 1.427-0.181 2.145 0.317 2.188 2.421 4.027 4.667 3.828 1.489-0.016 2.916-0.88 3.692-2.145 0.251-0.443 0.532-0.896 0.547-1.417 0.131-2.385 0.079-4.76 0.095-7.145 0.011-5.375-0.016-10.735 0.025-16.093z\"><\/path><\/svg>\t\t\t\t\t<\/a>\n\t\t\t\t<\/span>\n\t\t\t\t\t<\/div>\n\t\t\t\t\t\t<\/div>\n\t\t\t\t<\/div>\n\t\t\t\t<\/div>\n\t\t<\/div>\n\t\t\t\t\t\t<\/div>\n\t\t\t\t\t<\/div>\n\t\t\t\t<\/div>\n\t\t\t\t<\/div>","protected":false},"excerpt":{"rendered":"<p>Digital Friend Every child deserves the opportunity to learn and dream big, no matter where they live. With Digital Friend, you can make it possible: your annual contribution of USD 1,000 provides 12 months of high-speed internet, educational resources, technical assistance, and digital training. More than just a donation, it&#039;s about sowing equality, opening paths to knowledge, and [\u2026]<\/p>","protected":false},"author":1,"featured_media":0,"parent":54,"menu_order":0,"comment_status":"closed","ping_status":"closed","template":"","meta":{"footnotes":""},"class_list":["post-906","page","type-page","status-publish","hentry"],"yoast_head":"<!-- This site is optimized with the Yoast SEO plugin v26.6 - https:\/\/yoast.com\/wordpress\/plugins\/seo\/ -->\n<title>Amigo Digital - Siembra TIC<\/title>\n<meta name=\"robots\" content=\"index, follow, max-snippet:-1, max-image-preview:large, max-video-preview:-1\" \/>\n<link rel=\"canonical\" href=\"https:\/\/siembratic.org\/en\/programas\/amigo-digital\/\" \/>\n<meta property=\"og:locale\" content=\"en_US\" \/>\n<meta property=\"og:type\" content=\"article\" \/>\n<meta property=\"og:title\" content=\"Amigo Digital - Siembra TIC\" \/>\n<meta property=\"og:description\" content=\"Amigo digital Cada ni\u00f1o merece la oportunidad de aprender y so\u00f1ar en grande, sin importar d\u00f3nde viva. Con Amigo Digital puedes hacerlo posible: tu aporte anual de USD 1.000 brinda 12 meses de internet de alta velocidad, recursos educativos, asistencia t\u00e9cnica y capacitaci\u00f3n digital. M\u00e1s que donar, es sembrar igualdad, abrir caminos al conocimiento y [&hellip;]\" \/>\n<meta property=\"og:url\" content=\"https:\/\/siembratic.org\/en\/programas\/amigo-digital\/\" \/>\n<meta property=\"og:site_name\" content=\"Siembra TIC\" \/>\n<meta property=\"article:modified_time\" content=\"2025-12-30T15:14:37+00:00\" \/>\n<meta property=\"og:image\" content=\"https:\/\/siembratic.org\/\/wp-content\/uploads\/2025\/09\/Nino-superheroe.webp\" \/>\n\t<meta property=\"og:image:width\" content=\"846\" \/>\n\t<meta property=\"og:image:height\" content=\"781\" \/>\n\t<meta property=\"og:image:type\" content=\"image\/webp\" \/>\n<meta name=\"twitter:card\" content=\"summary_large_image\" \/>\n<meta name=\"twitter:label1\" content=\"Est. reading time\" \/>\n\t<meta name=\"twitter:data1\" content=\"1 minute\" \/>\n<script type=\"application\/ld+json\" class=\"yoast-schema-graph\">{\"@context\":\"https:\/\/schema.org\",\"@graph\":[{\"@type\":\"WebPage\",\"@id\":\"https:\/\/siembratic.org\/programas\/amigo-digital\/\",\"url\":\"https:\/\/siembratic.org\/programas\/amigo-digital\/\",\"name\":\"Amigo Digital - Siembra TIC\",\"isPartOf\":{\"@id\":\"https:\/\/siembratic.org\/#website\"},\"primaryImageOfPage\":{\"@id\":\"https:\/\/siembratic.org\/programas\/amigo-digital\/#primaryimage\"},\"image\":{\"@id\":\"https:\/\/siembratic.org\/programas\/amigo-digital\/#primaryimage\"},\"thumbnailUrl\":\"https:\/\/siembratic.org\/\/wp-content\/uploads\/2025\/09\/Nino-superheroe.webp\",\"datePublished\":\"2025-09-04T14:02:58+00:00\",\"dateModified\":\"2025-12-30T15:14:37+00:00\",\"breadcrumb\":{\"@id\":\"https:\/\/siembratic.org\/programas\/amigo-digital\/#breadcrumb\"},\"inLanguage\":\"en-US\",\"potentialAction\":[{\"@type\":\"ReadAction\",\"target\":[\"https:\/\/siembratic.org\/programas\/amigo-digital\/\"]}]},{\"@type\":\"ImageObject\",\"inLanguage\":\"en-US\",\"@id\":\"https:\/\/siembratic.org\/programas\/amigo-digital\/#primaryimage\",\"url\":\"https:\/\/siembratic.org\/\/wp-content\/uploads\/2025\/09\/Nino-superheroe.webp\",\"contentUrl\":\"https:\/\/siembratic.org\/\/wp-content\/uploads\/2025\/09\/Nino-superheroe.webp\"},{\"@type\":\"BreadcrumbList\",\"@id\":\"https:\/\/siembratic.org\/programas\/amigo-digital\/#breadcrumb\",\"itemListElement\":[{\"@type\":\"ListItem\",\"position\":1,\"name\":\"Inicio\",\"item\":\"https:\/\/siembratic.org\/\"},{\"@type\":\"ListItem\",\"position\":2,\"name\":\"Programas\",\"item\":\"https:\/\/siembratic.org\/programas\/\"},{\"@type\":\"ListItem\",\"position\":3,\"name\":\"Amigo Digital\"}]},{\"@type\":\"WebSite\",\"@id\":\"https:\/\/siembratic.org\/#website\",\"url\":\"https:\/\/siembratic.org\/\",\"name\":\"Siembra TIC\",\"description\":\"\",\"publisher\":{\"@id\":\"https:\/\/siembratic.org\/#organization\"},\"potentialAction\":[{\"@type\":\"SearchAction\",\"target\":{\"@type\":\"EntryPoint\",\"urlTemplate\":\"https:\/\/siembratic.org\/?s={search_term_string}\"},\"query-input\":{\"@type\":\"PropertyValueSpecification\",\"valueRequired\":true,\"valueName\":\"search_term_string\"}}],\"inLanguage\":\"en-US\"},{\"@type\":\"Organization\",\"@id\":\"https:\/\/siembratic.org\/#organization\",\"name\":\"Siembra TIC\",\"url\":\"https:\/\/siembratic.org\/\",\"logo\":{\"@type\":\"ImageObject\",\"inLanguage\":\"en-US\",\"@id\":\"https:\/\/siembratic.org\/#\/schema\/logo\/image\/\",\"url\":\"https:\/\/siembratic.org\/\/wp-content\/uploads\/2025\/08\/logo.png\",\"contentUrl\":\"https:\/\/siembratic.org\/\/wp-content\/uploads\/2025\/08\/logo.png\",\"width\":182,\"height\":69,\"caption\":\"Siembra TIC\"},\"image\":{\"@id\":\"https:\/\/siembratic.org\/#\/schema\/logo\/image\/\"}}]}<\/script>\n<!-- \/ Yoast SEO plugin. -->","yoast_head_json":{"title":"Digital Friend - ICT Sowing","robots":{"index":"index","follow":"follow","max-snippet":"max-snippet:-1","max-image-preview":"max-image-preview:large","max-video-preview":"max-video-preview:-1"},"canonical":"https:\/\/siembratic.org\/en\/programas\/amigo-digital\/","og_locale":"en_US","og_type":"article","og_title":"Amigo Digital - Siembra TIC","og_description":"Amigo digital Cada ni\u00f1o merece la oportunidad de aprender y so\u00f1ar en grande, sin importar d\u00f3nde viva. Con Amigo Digital puedes hacerlo posible: tu aporte anual de USD 1.000 brinda 12 meses de internet de alta velocidad, recursos educativos, asistencia t\u00e9cnica y capacitaci\u00f3n digital. M\u00e1s que donar, es sembrar igualdad, abrir caminos al conocimiento y [&hellip;]","og_url":"https:\/\/siembratic.org\/en\/programas\/amigo-digital\/","og_site_name":"Siembra TIC","article_modified_time":"2025-12-30T15:14:37+00:00","og_image":[{"width":846,"height":781,"url":"https:\/\/siembratic.org\/\/wp-content\/uploads\/2025\/09\/Nino-superheroe.webp","type":"image\/webp"}],"twitter_card":"summary_large_image","twitter_misc":{"Est. reading time":"1 minute"},"schema":{"@context":"https:\/\/schema.org","@graph":[{"@type":"WebPage","@id":"https:\/\/siembratic.org\/programas\/amigo-digital\/","url":"https:\/\/siembratic.org\/programas\/amigo-digital\/","name":"Digital Friend - ICT Sowing","isPartOf":{"@id":"https:\/\/siembratic.org\/#website"},"primaryImageOfPage":{"@id":"https:\/\/siembratic.org\/programas\/amigo-digital\/#primaryimage"},"image":{"@id":"https:\/\/siembratic.org\/programas\/amigo-digital\/#primaryimage"},"thumbnailUrl":"https:\/\/siembratic.org\/\/wp-content\/uploads\/2025\/09\/Nino-superheroe.webp","datePublished":"2025-09-04T14:02:58+00:00","dateModified":"2025-12-30T15:14:37+00:00","breadcrumb":{"@id":"https:\/\/siembratic.org\/programas\/amigo-digital\/#breadcrumb"},"inLanguage":"en-US","potentialAction":[{"@type":"ReadAction","target":["https:\/\/siembratic.org\/programas\/amigo-digital\/"]}]},{"@type":"ImageObject","inLanguage":"en-US","@id":"https:\/\/siembratic.org\/programas\/amigo-digital\/#primaryimage","url":"https:\/\/siembratic.org\/\/wp-content\/uploads\/2025\/09\/Nino-superheroe.webp","contentUrl":"https:\/\/siembratic.org\/\/wp-content\/uploads\/2025\/09\/Nino-superheroe.webp"},{"@type":"BreadcrumbList","@id":"https:\/\/siembratic.org\/programas\/amigo-digital\/#breadcrumb","itemListElement":[{"@type":"ListItem","position":1,"name":"Inicio","item":"https:\/\/siembratic.org\/"},{"@type":"ListItem","position":2,"name":"Programas","item":"https:\/\/siembratic.org\/programas\/"},{"@type":"ListItem","position":3,"name":"Amigo Digital"}]},{"@type":"WebSite","@id":"https:\/\/siembratic.org\/#website","url":"https:\/\/siembratic.org\/","name":"ICT Sowing","description":"","publisher":{"@id":"https:\/\/siembratic.org\/#organization"},"potentialAction":[{"@type":"SearchAction","target":{"@type":"EntryPoint","urlTemplate":"https:\/\/siembratic.org\/?s={search_term_string}"},"query-input":{"@type":"PropertyValueSpecification","valueRequired":true,"valueName":"search_term_string"}}],"inLanguage":"en-US"},{"@type":"Organization","@id":"https:\/\/siembratic.org\/#organization","name":"ICT Sowing","url":"https:\/\/siembratic.org\/","logo":{"@type":"ImageObject","inLanguage":"en-US","@id":"https:\/\/siembratic.org\/#\/schema\/logo\/image\/","url":"https:\/\/siembratic.org\/\/wp-content\/uploads\/2025\/08\/logo.png","contentUrl":"https:\/\/siembratic.org\/\/wp-content\/uploads\/2025\/08\/logo.png","width":182,"height":69,"caption":"Siembra TIC"},"image":{"@id":"https:\/\/siembratic.org\/#\/schema\/logo\/image\/"}}]}},"_links":{"self":[{"href":"https:\/\/siembratic.org\/en\/wp-json\/wp\/v2\/pages\/906","targetHints":{"allow":["GET"]}}],"collection":[{"href":"https:\/\/siembratic.org\/en\/wp-json\/wp\/v2\/pages"}],"about":[{"href":"https:\/\/siembratic.org\/en\/wp-json\/wp\/v2\/types\/page"}],"author":[{"embeddable":true,"href":"https:\/\/siembratic.org\/en\/wp-json\/wp\/v2\/users\/1"}],"replies":[{"embeddable":true,"href":"https:\/\/siembratic.org\/en\/wp-json\/wp\/v2\/comments?post=906"}],"version-history":[{"count":3,"href":"https:\/\/siembratic.org\/en\/wp-json\/wp\/v2\/pages\/906\/revisions"}],"predecessor-version":[{"id":1952,"href":"https:\/\/siembratic.org\/en\/wp-json\/wp\/v2\/pages\/906\/revisions\/1952"}],"up":[{"embeddable":true,"href":"https:\/\/siembratic.org\/en\/wp-json\/wp\/v2\/pages\/54"}],"wp:attachment":[{"href":"https:\/\/siembratic.org\/en\/wp-json\/wp\/v2\/media?parent=906"}],"curies":[{"name":"wp","href":"https:\/\/api.w.org\/{rel}","templated":true}]}}